{"id":5,"date":"2021-06-30T00:53:00","date_gmt":"2021-06-30T00:53:00","guid":{"rendered":"https:\/\/victortercero.com\/?page_id=5"},"modified":"2025-09-21T15:43:56","modified_gmt":"2025-09-21T21:43:56","slug":"crea-tu-web-con-bloques","status":"publish","type":"page","link":"https:\/\/victortercero.com\/","title":{"rendered":"Bienvenidos"},"content":{"rendered":"\n<figure class=\"wp-block-image aligncenter size-medium is-style-rounded\"><img loading=\"lazy\" decoding=\"async\" width=\"200\" height=\"300\" src=\"https:\/\/victortercero.com\/wp-content\/uploads\/2025\/09\/BocetoVictorbrazos2fondoblanco-200x300.png\" alt=\"\" class=\"wp-image-783\" srcset=\"https:\/\/victortercero.com\/wp-content\/uploads\/2025\/09\/BocetoVictorbrazos2fondoblanco-200x300.png 200w, https:\/\/victortercero.com\/wp-content\/uploads\/2025\/09\/BocetoVictorbrazos2fondoblanco-683x1024.png 683w, https:\/\/victortercero.com\/wp-content\/uploads\/2025\/09\/BocetoVictorbrazos2fondoblanco-768x1152.png 768w, https:\/\/victortercero.com\/wp-content\/uploads\/2025\/09\/BocetoVictorbrazos2fondoblanco.png 1024w\" sizes=\"auto, (max-width: 200px) 100vw, 200px\" \/><figcaption class=\"wp-element-caption\">Dr. V\u00edctor G.Tercero G\u00f3mez<\/figcaption><\/figure>\n\n\n\n<h2 class=\"wp-block-heading\">Gesti\u00f3n cuantitativa de procesos<\/h2>\n\n\n\n<p>Ll\u00e1menme V\u00edctor. Soy investigador, consultor e instructor en ingenier\u00eda de calidad. Espec\u00edficamente, en estad\u00edstica aplicada a la mejora, monitoreo y control de procesos industriales.<\/p>\n\n\n\n<p>Black Belt y Master Black Belt certificado en Seis Sigma. Profesor del Tecnol\u00f3gico de Monterrey y miembro del Sistema Nacional de Investigadores de M\u00e9xico, nivel 2.<\/p>\n\n\n\n<h2 class=\"wp-block-heading\">\u00bfQu\u00e9 puedes encontrar aqu\u00ed?<\/h2>\n\n\n\n<p>Navega por el sitio para saber m\u00e1s sobre m\u00ed. Para darte una r\u00e1pida idea de qui\u00e9n soy, puedes revisar mi <a href=\"https:\/\/victortercero.com\/index.php\/acerca-de\/\" title=\"semblanza\">semblanza<\/a>. O tal vez te interesa revisar el detalle de mi <a href=\"https:\/\/victortercero.com\/index.php\/curriculum\/\" title=\"curr\u00edculum en extenso\">curr\u00edculum en extenso<\/a> para saber qu\u00e9 he estado haciendo todo este tiempo.<\/p>\n\n\n\n<p>Si leer es lo tuyo, te animo a revisar mis publicaciones, un espacio personal donde estar\u00e9 discutiendo temas que pueden ser de mucho inter\u00e9s para los amantes de la ingenier\u00eda de calidad y la administraci\u00f3n de procesos. Encontrar\u00e1s <a href=\"https:\/\/victortercero.com\/index.php\/category\/publicaciones\/articulosdivugacion\/\" title=\"Art\u00edculos de Divulgaci\u00f3n\">art\u00edculos de divulgaci\u00f3n<\/a>, publicaci\u00f3n de <a href=\"https:\/\/victortercero.com\/index.php\/category\/publicaciones\/software\/\" title=\"Software\">software<\/a> y <a href=\"https:\/\/victortercero.com\/index.php\/category\/publicaciones\/noticias\/\" title=\"Noticias\">noticias<\/a> relevantes de mi persona.<\/p>\n\n\n\n<p>Si te interesa hacerme alguna consulta de forma directa, ya sea por alg\u00fan entrenamiento que desees, consultor\u00eda, investigaci\u00f3n, o simplemente saludar, puedes contactarte conmigo por algunos de estos <a href=\"https:\/\/victortercero.com\/index.php\/contacto\/\" title=\"medios\">medios<\/a>.<\/p>\n","protected":false},"excerpt":{"rendered":"<p>Gesti\u00f3n cuantitativa de procesos Ll\u00e1menme V\u00edctor. Soy investigador, consultor e instructor en ingenier\u00eda de calidad. Espec\u00edficamente, en estad\u00edstica aplicada a la mejora, monitoreo y control de procesos industriales. Black Belt y Master Black Belt certificado en Seis Sigma. Profesor del Tecnol\u00f3gico de Monterrey y miembro del Sistema Nacional de Investigadores de M\u00e9xico, nivel 2. \u00bfQu\u00e9 [&hellip;]<\/p>\n","protected":false},"author":1,"featured_media":264,"parent":0,"menu_order":0,"comment_status":"closed","ping_status":"closed","template":"","meta":{"_coblocks_attr":"","_coblocks_dimensions":"","_coblocks_responsive_height":"","_coblocks_accordion_ie_support":"","_monsterinsights_skip_tracking":false,"_monsterinsights_sitenote_active":false,"_monsterinsights_sitenote_note":"","_monsterinsights_sitenote_category":0,"footnotes":""},"class_list":["post-5","page","type-page","status-publish","has-post-thumbnail","hentry"],"blocksy_meta":{"styles_descriptor":{"styles":{"desktop":"","tablet":"","mobile":""},"google_fonts":[],"version":6},"page_title_panel":"","has_hero_section":"default","b8dc6aa55ddfdc43af84133a6c5d3a86":"","hero_section":"type-1","hero_elements":[{"id":"custom_title","enabled":true,"heading_tag":"h1","title":"Inicio"},{"id":"custom_description","enabled":true,"description_visibility":{"desktop":true,"tablet":true,"mobile":false}},{"id":"custom_meta","enabled":false,"meta_elements":[{"id":"author","enabled":true,"label":"Por","has_author_avatar":"yes","avatar_size":25},{"id":"post_date","enabled":true,"label":"El","date_format_source":"default","date_format":"M j, Y"},{"id":"updated_date","enabled":false,"label":"El","date_format_source":"default","date_format":"M j, Y"},{"id":"categories","enabled":false,"label":"Dentro","style":"simple"},{"id":"comments","enabled":true}],"page_meta_elements":{"joined":true,"articles_count":true,"comments":true}},{"id":"breadcrumbs","enabled":false}],"b52daa127b099e501b4dfd502b355b05":"","hero_alignment1":"CT_CSS_SKIP_RULE","hero_margin":40,"hero_alignment2":"center","hero_vertical_alignment":"center","fb25615d989e1baaeef87aff66c94f40":"","hero_structure":"narrow","8b79325d7f88f50d1aa03df0a3acda23":"","page_title_bg_type":"featured_image","custom_hero_background":{"attachment_id":null},"page_title_image_size":"full","parallax":{"desktop":false,"tablet":false,"mobile":false},"ee9970fa3bda8164c4067d9455da1ce7":"","hero_height":"250px","pageTitleFont":{"family":"Default","variation":"Default","size":"30px","line-height":"CT_CSS_SKIP_RULE","letter-spacing":"CT_CSS_SKIP_RULE","text-transform":"CT_CSS_SKIP_RULE","text-decoration":"CT_CSS_SKIP_RULE"},"pageTitleFontColor":{"default":{"color":"CT_CSS_SKIP_RULEDEFAULT"}},"pageMetaFont":{"family":"Default","variation":"n6","size":"12px","line-height":"1.3","letter-spacing":"CT_CSS_SKIP_RULE","text-transform":"uppercase","text-decoration":"CT_CSS_SKIP_RULE"},"pageMetaFontColor":{"default":{"color":"CT_CSS_SKIP_RULEDEFAULT"},"hover":{"color":"CT_CSS_SKIP_RULEDEFAULT"}},"page_meta_button_type_font_colors":{"default":{"color":"CT_CSS_SKIP_RULEDEFAULT"},"hover":{"color":"CT_CSS_SKIP_RULEDEFAULT"}},"page_meta_button_type_background_colors":{"default":{"color":"CT_CSS_SKIP_RULEDEFAULT"},"hover":{"color":"CT_CSS_SKIP_RULEDEFAULT"}},"pageExcerptFont":{"family":"Default","variation":"Default","size":"CT_CSS_SKIP_RULE","line-height":"CT_CSS_SKIP_RULE","letter-spacing":"CT_CSS_SKIP_RULE","text-transform":"CT_CSS_SKIP_RULE","text-decoration":"CT_CSS_SKIP_RULE"},"pageExcerptColor":{"default":{"color":"CT_CSS_SKIP_RULEDEFAULT"}},"breadcrumbsFont":{"family":"Default","variation":"Default","size":"CT_CSS_SKIP_RULE","line-height":"CT_CSS_SKIP_RULE","letter-spacing":"CT_CSS_SKIP_RULE","text-transform":"CT_CSS_SKIP_RULE","text-decoration":"CT_CSS_SKIP_RULE"},"breadcrumbsFontColor":{"default":{"color":"CT_CSS_SKIP_RULEDEFAULT"},"initial":{"color":"CT_CSS_SKIP_RULEDEFAULT"},"hover":{"color":"CT_CSS_SKIP_RULEDEFAULT"}},"pageTitleOverlay":{"background_type":"color","background_pattern":"type-1","background_image":{"attachment_id":null,"x":0,"y":0},"gradient":"linear-gradient(135deg,rgba(6,147,227,1) 0%,rgb(155,81,224) 100%)","background_repeat":"repeat","background_size":"auto","background_attachment":"scroll","patternColor":{"default":{"color":"#e5e7ea"}},"overlayColor":{"default":{"color":"CT_CSS_SKIP_RULE"}},"backgroundColor":{"default":{"color":"CT_CSS_SKIP_RULE"}}},"pageTitleBackground":{"background_type":"color","background_pattern":"type-1","background_image":{"attachment_id":null,"x":0,"y":0},"gradient":"linear-gradient(135deg,rgba(6,147,227,1) 0%,rgb(155,81,224) 100%)","background_repeat":"repeat","background_size":"auto","background_attachment":"scroll","patternColor":{"default":{"color":"#e5e7ea"}},"overlayColor":{"default":{"color":"CT_CSS_SKIP_RULE"}},"backgroundColor":{"default":{"color":"var(--theme-palette-color-6)"}}},"pageTitlePadding":{"top":"50px","bottom":"50px","left":"auto","right":"auto","linked":true},"647f7dd443e755ca9838f413c4943d20":"","page_structure_type":"type-3","bd4f70e21b9a34bac2f583837b63ec47":"","content_style_source":"inherit","content_style":"wide","vertical_spacing_source":"inherit","content_area_spacing":"both","background":{"background_type":"color","background_pattern":"type-1","background_image":{"attachment_id":null,"x":0,"y":0},"gradient":"linear-gradient(135deg,rgba(6,147,227,1) 0%,rgb(155,81,224) 100%)","background_repeat":"repeat","background_size":"auto","background_attachment":"scroll","patternColor":{"default":{"color":"#e5e7ea"}},"overlayColor":{"default":{"color":"CT_CSS_SKIP_RULE"}},"backgroundColor":{"default":{"color":"CT_CSS_SKIP_RULE"}}},"content_background":{"background_type":"color","background_pattern":"type-1","background_image":{"attachment_id":null,"x":0,"y":0},"gradient":"linear-gradient(135deg,rgba(6,147,227,1) 0%,rgb(155,81,224) 100%)","background_repeat":"repeat","background_size":"auto","background_attachment":"scroll","patternColor":{"default":{"color":"#e5e7ea"}},"overlayColor":{"default":{"color":"CT_CSS_SKIP_RULE"}},"backgroundColor":{"default":{"color":"var(--theme-palette-color-8)"}}},"content_boxed_shadow":{"inherit":false,"blur":18,"spread":-6,"v_offset":12,"h_offset":0,"inset":false,"enable":true,"color":{"color":"rgba(34, 56, 101, 0.04)"}},"boxed_content_spacing":{"desktop":{"top":"40px","bottom":"40px","left":"40px","right":"40px","linked":true},"tablet":{"top":"35px","bottom":"35px","left":"35px","right":"35px","linked":true},"mobile":{"top":"20px","bottom":"20px","left":"20px","right":"20px","linked":true}},"content_boxed_radius":{"top":"3px","bottom":"3px","left":"3px","right":"3px","linked":true},"8dcb27e43a975463aefd8fa01ac14b99":"","disable_featured_image":"no","disable_share_box":"no","disable_header":"no","disable_footer":"no"},"aioseo_notices":[],"_links":{"self":[{"href":"https:\/\/victortercero.com\/index.php\/wp-json\/wp\/v2\/pages\/5","targetHints":{"allow":["GET"]}}],"collection":[{"href":"https:\/\/victortercero.com\/index.php\/wp-json\/wp\/v2\/pages"}],"about":[{"href":"https:\/\/victortercero.com\/index.php\/wp-json\/wp\/v2\/types\/page"}],"author":[{"embeddable":true,"href":"https:\/\/victortercero.com\/index.php\/wp-json\/wp\/v2\/users\/1"}],"replies":[{"embeddable":true,"href":"https:\/\/victortercero.com\/index.php\/wp-json\/wp\/v2\/comments?post=5"}],"version-history":[{"count":38,"href":"https:\/\/victortercero.com\/index.php\/wp-json\/wp\/v2\/pages\/5\/revisions"}],"predecessor-version":[{"id":792,"href":"https:\/\/victortercero.com\/index.php\/wp-json\/wp\/v2\/pages\/5\/revisions\/792"}],"wp:featuredmedia":[{"embeddable":true,"href":"https:\/\/victortercero.com\/index.php\/wp-json\/wp\/v2\/media\/264"}],"wp:attachment":[{"href":"https:\/\/victortercero.com\/index.php\/wp-json\/wp\/v2\/media?parent=5"}],"curies":[{"name":"wp","href":"https:\/\/api.w.org\/{rel}","templated":true}]}}